{"id":387,"date":"2017-03-15T10:57:41","date_gmt":"2017-03-15T09:57:41","guid":{"rendered":"http:\/\/www.klementinatement.com\/?page_id=387\/"},"modified":"2017-03-30T09:13:41","modified_gmt":"2017-03-30T07:13:41","slug":"projects","status":"publish","type":"page","link":"https:\/\/www.klementinatement.com\/en\/projects\/","title":{"rendered":"Projects"},"content":{"rendered":"<div class=\"wpb-content-wrapper\">[vc_row fullwidth=&#8221;true&#8221; css=&#8221;.vc_custom_1484129979383{margin: 0px !important;padding: 0px !important;}&#8221;][vc_column]\n\t\t\t<!-- START home en REVOLUTION SLIDER 6.6.20 --><p class=\"rs-p-wp-fix\"><\/p>\n\t\t\t<rs-module-wrap id=\"rev_slider_2_1_wrapper\" data-source=\"gallery\" style=\"visibility:hidden;background:transparent;padding:0;margin:0px auto;margin-top:0;margin-bottom:0;\">\n\t\t\t\t<rs-module id=\"rev_slider_2_1\" style=\"\" data-version=\"6.6.20\">\n\t\t\t\t\t<rs-slides style=\"overflow: hidden; position: absolute;\">\n\t\t\t\t\t\t<rs-slide style=\"position: absolute;\" data-key=\"rs-3\" data-title=\"Slide\" data-thumb=\"\/\/www.klementinatement.com\/wp-content\/uploads\/2024\/01\/naslovna-3-100x50.jpg\" data-anim=\"adpr:false;\" data-in=\"o:0;\" data-out=\"a:false;\">\n\t\t\t\t\t\t\t<img decoding=\"async\" src=\"\/\/www.klementinatement.com\/wp-content\/plugins\/revslider\/public\/assets\/assets\/dummy.png\" alt=\"\" title=\"naslovna-3\" width=\"2000\" height=\"689\" class=\"rev-slidebg tp-rs-img rs-lazyload\" data-lazyload=\"\/\/www.klementinatement.com\/wp-content\/uploads\/2024\/01\/naslovna-3.jpg\" data-no-retina>\n<!--\n\t\t\t\t\t\t\t--><rs-layer\n\t\t\t\t\t\t\t\tid=\"slider-2-slide-3-layer-3\" \n\t\t\t\t\t\t\t\tdata-type=\"text\"\n\t\t\t\t\t\t\t\tdata-color=\"#ffffff\"\n\t\t\t\t\t\t\t\tdata-rsp_ch=\"on\"\n\t\t\t\t\t\t\t\tdata-xy=\"x:c;y:c;\"\n\t\t\t\t\t\t\t\tdata-text=\"s:55;l:65;a:center;\"\n\t\t\t\t\t\t\t\tdata-frame_999=\"o:0;st:w;sR:3700;\"\n\t\t\t\t\t\t\t\tstyle=\"z-index:5;font-family:'PT Sans';\"\n\t\t\t\t\t\t\t>CONNECTING PEOPLE<br>\nWITH NATURE \n\t\t\t\t\t\t\t<\/rs-layer><!--\n-->\t\t\t\t\t\t<\/rs-slide>\n\t\t\t\t\t\t<rs-slide style=\"position: absolute;\" data-key=\"rs-4\" data-title=\"Slide\" data-thumb=\"\/\/www.klementinatement.com\/wp-content\/uploads\/2024\/01\/naslovna-4-100x50.jpg\" data-anim=\"adpr:false;\" data-in=\"o:0;\" data-out=\"a:false;\">\n\t\t\t\t\t\t\t<img decoding=\"async\" src=\"\/\/www.klementinatement.com\/wp-content\/plugins\/revslider\/public\/assets\/assets\/dummy.png\" alt=\"\" title=\"naslovna-4\" width=\"2000\" height=\"689\" class=\"rev-slidebg tp-rs-img rs-lazyload\" data-lazyload=\"\/\/www.klementinatement.com\/wp-content\/uploads\/2024\/01\/naslovna-4.jpg\" data-no-retina>\n<!--\n\t\t\t\t\t\t\t--><rs-layer\n\t\t\t\t\t\t\t\tid=\"slider-2-slide-4-layer-3\" \n\t\t\t\t\t\t\t\tdata-type=\"text\"\n\t\t\t\t\t\t\t\tdata-color=\"#ffffff\"\n\t\t\t\t\t\t\t\tdata-rsp_ch=\"on\"\n\t\t\t\t\t\t\t\tdata-xy=\"x:c;xo:270px;y:c;\"\n\t\t\t\t\t\t\t\tdata-text=\"s:55;l:65;a:inherit;\"\n\t\t\t\t\t\t\t\tdata-frame_999=\"o:0;st:w;sR:3700;\"\n\t\t\t\t\t\t\t\tstyle=\"z-index:5;font-family:'PT Sans';\"\n\t\t\t\t\t\t\t>INSPIRING WITH PLANTS \n\t\t\t\t\t\t\t<\/rs-layer><!--\n-->\t\t\t\t\t\t<\/rs-slide>\n\t\t\t\t\t<\/rs-slides>\n\t\t\t\t<\/rs-module>\n\t\t\t\t<script>\n\t\t\t\t\tsetREVStartSize({c: 'rev_slider_2_1',rl:[1240,1024,778,480],el:[600],gw:[1240],gh:[600],type:'standard',justify:'',layout:'fullwidth',mh:\"0\"});if (window.RS_MODULES!==undefined && window.RS_MODULES.modules!==undefined && window.RS_MODULES.modules[\"revslider21\"]!==undefined) {window.RS_MODULES.modules[\"revslider21\"].once = false;window.revapi2 = undefined;if (window.RS_MODULES.checkMinimal!==undefined) window.RS_MODULES.checkMinimal()}\n\t\t\t\t<\/script>\n\t\t\t<\/rs-module-wrap>\n\t\t\t<!-- END REVOLUTION SLIDER -->\n[\/vc_column][\/vc_row][vc_row css=&#8221;.vc_custom_1484130011094{margin-top: 50px !important;}&#8221;][vc_column][mk_fancy_title tag_name=&#8221;h1&#8243; color=&#8221;#000000&#8243; size=&#8221;40&#8243; font_weight=&#8221;400&#8243; txt_transform=&#8221;uppercase&#8221; letter_spacing=&#8221;4&#8243; font_family=&#8221;PT+Sans&#8221; font_type=&#8221;google&#8221; align=&#8221;center&#8221;]Greening. Rejuvenating.[\/mk_fancy_title][vc_column_text align=&#8221;center&#8221;]I passionately speak about plants, gardening, the game of space design and the part all of them play in improving our daily life, be it in our homes or at work.<\/p>\n<p>Aided by knowledge, my constantly expanding perspective and love for nature I seek out the best solutions in order to provide a better quality of life.<\/p>\n<p>Through my work in urban and rural settings, I strive to promote a feeling of being connected to nature and to create an authentic experience. To see beauty in the simplicity of nature, add to its value with a good design, and merge it with the environment.<\/p>\n<p>I myself look for inspiration in things, in nature. In the blossoms and leaf buds. In the rain, during a walk in the garden, in places. In the sea and in wine. But above all in the company of trees.<\/p>\n<p>Find inspiration by browsing through the gallery of my projects.[\/vc_column_text][mk_gallery images=&#8221;267,268,269,270,271,272,273,274,275,276,277,278,279,280,281,282,283,284,285,286,287,288,289,290,291,292,293,294,295,296,297,298,299,300,301,302,303,304,305,306,307&#8243; column=&#8221;7&#8243; height=&#8221;100&#8243;][vc_separator color=&#8221;black&#8221; border_width=&#8221;3&#8243; el_width=&#8221;80&#8243; css=&#8221;.vc_custom_1484555128401{margin-top: 20px !important;margin-bottom: 40px !important;}&#8221;][\/vc_column][\/vc_row][vc_row][vc_column][mk_fancy_title tag_name=&#8221;h1&#8243; color=&#8221;#000000&#8243; size=&#8221;40&#8243; font_weight=&#8221;400&#8243; txt_transform=&#8221;uppercase&#8221; letter_spacing=&#8221;4&#8243; font_family=&#8221;PT+Sans&#8221; font_type=&#8221;google&#8221; align=&#8221;center&#8221;]GREEN SOLUTIONS[\/mk_fancy_title][vc_row_inner][vc_column_inner width=&#8221;1\/2&#8243;][mk_custom_list style=&#8221;f18c&#8221; align=&#8221;center&#8221;]\n<ul>\n<li>Garden design<\/li>\n<li>Greening terraces, balconies, summer garden<\/li>\n<li>Greening business establishments<\/li>\n<li>Planting plans<\/li>\n<li>Hanging gardens<\/li>\n<\/ul>\n[\/mk_custom_list][\/vc_column_inner][vc_column_inner width=&#8221;1\/2&#8243;][mk_custom_list style=&#8221;f18c&#8221; align=&#8221;center&#8221;]\n<ul>\n<li>Installations with living green walls<\/li>\n<li>Garden sculptures<\/li>\n<li>Pergolas<\/li>\n<li>Lighting<\/li>\n<li>Consulting on the subjects of horticulture and landscape architecture<\/li>\n<\/ul>\n[\/mk_custom_list][\/vc_column_inner][\/vc_row_inner][mk_gallery images=&#8221;310,311,312,313,314,315,316,317,318&#8243; column=&#8221;7&#8243; height=&#8221;100&#8243;][vc_separator color=&#8221;black&#8221; border_width=&#8221;3&#8243; el_width=&#8221;80&#8243; css=&#8221;.vc_custom_1484555128401{margin-top: 20px !important;margin-bottom: 40px !important;}&#8221;][\/vc_column][\/vc_row][vc_row][vc_column][mk_fancy_title tag_name=&#8221;h1&#8243; color=&#8221;#000000&#8243; size=&#8221;40&#8243; font_weight=&#8221;400&#8243; txt_transform=&#8221;uppercase&#8221; letter_spacing=&#8221;4&#8243; font_family=&#8221;PT+Sans&#8221; font_type=&#8221;google&#8221; align=&#8221;center&#8221;]PREDAVANJA[\/mk_fancy_title][vc_column_text align=&#8221;center&#8221;]Te\u017eko govorimo o pravilnih in napa\u010dnih kombinacijah, govorimo pa lahko o vrednosti rastlin na \u010dloveka in ostale uporabnike. Dinami\u010dno spreminjanje diverzitete in svobodo odprtosti, ki jo biodiverziteta potrebuje, nas pripeljeta nazaj k naravi, kljub hitremu in zaposlenemu na\u010dinu sodobnega \u017eivljenja. Raznolikost predstavlja prednost, vrt postane prostor relaksacije, dru\u017eenja in u\u010dilnica na prostem za majhne in velike.<\/p>\n<p>Po predhodnem dogovoru pripravljam predavanja-okrogle mize za manj\u0161e ali ve\u010dje skupine, glede teme se pogovorimo in uskladimo.[\/vc_column_text][vc_separator color=&#8221;black&#8221; border_width=&#8221;3&#8243; el_width=&#8221;80&#8243; css=&#8221;.vc_custom_1484555128401{margin-top: 20px !important;margin-bottom: 40px !important;}&#8221;][\/vc_column][\/vc_row][vc_row][vc_column][mk_fancy_title tag_name=&#8221;h1&#8243; color=&#8221;#000000&#8243; size=&#8221;40&#8243; font_weight=&#8221;400&#8243; txt_transform=&#8221;uppercase&#8221; letter_spacing=&#8221;4&#8243; font_family=&#8221;PT+Sans&#8221; font_type=&#8221;google&#8221; align=&#8221;center&#8221;]PISANA BESEDA[\/mk_fancy_title][vc_column_text align=&#8221;center&#8221;]Sodelujem s poznanimi slovenskimi vrtnimi revijami, kjer redno objavljam svoje prispevke s podro\u010dja vrtnega oblikovanja, hortikulture in krajinske arhitekture.[\/vc_column_text][mk_gallery images=&#8221;320,321,322,323,324,325,326,327,328,329&#8243; column=&#8221;7&#8243; height=&#8221;100&#8243;][vc_separator color=&#8221;black&#8221; border_width=&#8221;3&#8243; el_width=&#8221;80&#8243; css=&#8221;.vc_custom_1484555128401{margin-top: 20px !important;margin-bottom: 40px !important;}&#8221;][\/vc_column][\/vc_row][vc_row][vc_column][mk_fancy_title tag_name=&#8221;h1&#8243; color=&#8221;#000000&#8243; size=&#8221;40&#8243; font_weight=&#8221;400&#8243; txt_transform=&#8221;uppercase&#8221; letter_spacing=&#8221;4&#8243; font_family=&#8221;PT+Sans&#8221; font_type=&#8221;google&#8221; align=&#8221;center&#8221;]REFERENCE[\/mk_fancy_title][vc_column_text align=&#8221;center&#8221;]Mnogi, ki \u017eelijo kvalitetneje pre\u017eiveti \u010das na delovnem mestu ali doma, ve\u010dja in manj\u0161a odgovorna podjetja in posamezniki, ki se zavedajo pomena zelenega in urejenega okolja se prepustijo mojim zelenim idejam.<\/p>\n<p>Uspe\u0161na podjetja s katerimi sodelujem in so svoje delovno okolje naredila \u0161e bolj spodbudno v zeleno smer (Ve\u010der, Metalna Impro, Elektro Maribor, Neonart, Finninvest, Auto commerce d.o.o., Farmedica,\u2026)[\/vc_column_text][vc_separator color=&#8221;black&#8221; border_width=&#8221;3&#8243; el_width=&#8221;80&#8243; css=&#8221;.vc_custom_1484555128401{margin-top: 20px !important;margin-bottom: 40px !important;}&#8221;][\/vc_column][\/vc_row][vc_row][vc_column][mk_fancy_title tag_name=&#8221;h1&#8243; color=&#8221;#000000&#8243; size=&#8221;40&#8243; font_weight=&#8221;400&#8243; txt_transform=&#8221;uppercase&#8221; letter_spacing=&#8221;4&#8243; font_family=&#8221;PT+Sans&#8221; font_type=&#8221;google&#8221; align=&#8221;center&#8221;]MNENJA IN KOMENTARJI NA MOJE DELO PROFESIONALCEV V STROKI, STRANK, IN SODELAVCEV [\/mk_fancy_title][mk_testimonials style=&#8221;modern&#8221; font_size=&#8221;14&#8243; font_style=&#8221;normal&#8221;][\/vc_column][\/vc_row]\n<\/div>","protected":false},"excerpt":{"rendered":"<p>[vc_row fullwidth=&#8221;true&#8221; css=&#8221;.vc_custom_1484129979383{margin: 0px !important;padding: 0px !important;}&#8221;][vc_column][\/vc_column][\/vc_row][vc_row css=&#8221;.vc_custom_1484130011094{margin-top: 50px !important;}&#8221;][vc_column][mk_fancy_title tag_name=&#8221;h1&#8243; color=&#8221;#000000&#8243; size=&#8221;40&#8243; font_weight=&#8221;400&#8243; txt_transform=&#8221;uppercase&#8221; letter_spacing=&#8221;4&#8243; font_family=&#8221;PT+Sans&#8221; font_type=&#8221;google&#8221; align=&#8221;center&#8221;]Greening. Rejuvenating.[\/mk_fancy_title][vc_column_text align=&#8221;center&#8221;]I passionately speak about plants, gardening, the game of space design and the part all of them play in improving our daily life, be it in our homes or at work. Aided by knowledge, my [&hellip;]<\/p>\n","protected":false},"author":1,"featured_media":0,"parent":0,"menu_order":0,"comment_status":"closed","ping_status":"closed","template":"","meta":{"footnotes":""},"_links":{"self":[{"href":"https:\/\/www.klementinatement.com\/en\/wp-json\/wp\/v2\/pages\/387"}],"collection":[{"href":"https:\/\/www.klementinatement.com\/en\/wp-json\/wp\/v2\/pages"}],"about":[{"href":"https:\/\/www.klementinatement.com\/en\/wp-json\/wp\/v2\/types\/page"}],"author":[{"embeddable":true,"href":"https:\/\/www.klementinatement.com\/en\/wp-json\/wp\/v2\/users\/1"}],"replies":[{"embeddable":true,"href":"https:\/\/www.klementinatement.com\/en\/wp-json\/wp\/v2\/comments?post=387"}],"version-history":[{"count":5,"href":"https:\/\/www.klementinatement.com\/en\/wp-json\/wp\/v2\/pages\/387\/revisions"}],"predecessor-version":[{"id":434,"href":"https:\/\/www.klementinatement.com\/en\/wp-json\/wp\/v2\/pages\/387\/revisions\/434"}],"wp:attachment":[{"href":"https:\/\/www.klementinatement.com\/en\/wp-json\/wp\/v2\/media?parent=387"}],"curies":[{"name":"wp","href":"https:\/\/api.w.org\/{rel}","templated":true}]}}